{"id":8,"date":"2023-12-13T15:07:58","date_gmt":"2023-12-13T14:07:58","guid":{"rendered":"https:\/\/circame.fr\/?page_id=8"},"modified":"2026-02-18T12:42:04","modified_gmt":"2026-02-18T11:42:04","slug":"accueil","status":"publish","type":"page","link":"https:\/\/circame.fr\/","title":{"rendered":"Accueil"},"content":{"rendered":"\t\t<div data-elementor-type=\"wp-page\" data-elementor-id=\"8\" class=\"elementor elementor-8\">\n\t\t\t\t\t\t\t<div class=\"elementor-element elementor-element-d152685 e-flex e-con-boxed e-con e-parent\" data-id=\"d152685\" data-element_type=\"container\" data-settings=\"{&quot;content_width&quot;:&quot;boxed&quot;}\" data-core-v316-plus=\"true\">\n\t\t\t\t\t<div class=\"e-con-inner\">\n\t\t\t\t<div class=\"elementor-element elementor-element-1bf80aa elementor-widget elementor-widget-image\" data-id=\"1bf80aa\" data-element_type=\"widget\" data-widget_type=\"image.default\">\n\t\t\t\t<div class=\"elementor-widget-container\">\n\t\t\t<style>\/*! elementor - v3.18.0 - 08-12-2023 *\/\n.elementor-widget-image{text-align:center}.elementor-widget-image a{display:inline-block}.elementor-widget-image a img[src$=\".svg\"]{width:48px}.elementor-widget-image img{vertical-align:middle;display:inline-block}<\/style>\t\t\t\t\t\t\t\t\t\t\t\t<img fetchpriority=\"high\" decoding=\"async\" width=\"768\" height=\"452\" src=\"https:\/\/circame.fr\/wp-content\/uploads\/2023\/12\/baniere-768x452.png\" class=\"attachment-medium_large size-medium_large wp-image-69\" alt=\"\" srcset=\"https:\/\/circame.fr\/wp-content\/uploads\/2023\/12\/baniere-768x452.png 768w, https:\/\/circame.fr\/wp-content\/uploads\/2023\/12\/baniere-300x177.png 300w, https:\/\/circame.fr\/wp-content\/uploads\/2023\/12\/baniere-1024x603.png 1024w, https:\/\/circame.fr\/wp-content\/uploads\/2023\/12\/baniere.png 1070w\" sizes=\"(max-width: 768px) 100vw, 768px\" \/>\t\t\t\t\t\t\t\t\t\t\t\t\t\t\t<\/div>\n\t\t\t\t<\/div>\n\t\t\t\t\t<\/div>\n\t\t\t\t<\/div>\n\t\t<div class=\"elementor-element elementor-element-4bb2a7e e-con-full e-flex e-con e-parent\" data-id=\"4bb2a7e\" data-element_type=\"container\" data-settings=\"{&quot;content_width&quot;:&quot;full&quot;}\" data-core-v316-plus=\"true\">\n\t\t\t\t<div class=\"elementor-element elementor-element-aba15f4 elementor-widget elementor-widget-text-editor\" data-id=\"aba15f4\" data-element_type=\"widget\" data-widget_type=\"text-editor.default\">\n\t\t\t\t<div class=\"elementor-widget-container\">\n\t\t\t<style>\/*! elementor - v3.18.0 - 08-12-2023 *\/\n.elementor-widget-text-editor.elementor-drop-cap-view-stacked .elementor-drop-cap{background-color:#69727d;color:#fff}.elementor-widget-text-editor.elementor-drop-cap-view-framed .elementor-drop-cap{color:#69727d;border:3px solid;background-color:transparent}.elementor-widget-text-editor:not(.elementor-drop-cap-view-default) .elementor-drop-cap{margin-top:8px}.elementor-widget-text-editor:not(.elementor-drop-cap-view-default) .elementor-drop-cap-letter{width:1em;height:1em}.elementor-widget-text-editor .elementor-drop-cap{float:left;text-align:center;line-height:1;font-size:50px}.elementor-widget-text-editor .elementor-drop-cap-letter{display:inline-block}<\/style>\t\t\t\t<p>L\u2019\u00e9tude <span style=\"color: #0646ad;\"><strong>CIRCAME <\/strong><\/span>s\u2019int\u00e9resse aux perturbations du cycle veille\/sommeil, marqueur du rythme circadien, chez les patients vus dans deux \u00e9tablissements des h\u00f4pitaux de Paris (APHP), le Centre de Neurologie Cognitive de l\u2019h\u00f4pital Lariboisi\u00e8re \u2013 Fernand Widal, et l\u2019H\u00f4pital de Jour G\u00e9riatrique de l\u2019h\u00f4pital Bretonneau. <span style=\"color: #0646ad;\"><strong>CIRCAME <\/strong><\/span>est financ\u00e9e par l\u2019Union Europ\u00e9enne et son principal objectif est d\u2019\u00e9valuer si une mesure du rythme circadien \u00e0 partir d\u2019un actim\u00e8tre (dispositif port\u00e9 au poignet) pourrait distinguer des profils propres \u00e0 la maladie d\u2019Alzheimer et les maladies apparent\u00e9es. L\u2019identification de \u00ab\u00a0signatures\u00a0\u00bb sp\u00e9cifiques du rythme circadien pourrait faciliter le d\u00e9pistage pr\u00e9coce de ces maladies. <span style=\"color: #0646ad;\"><strong>CIRCAME <\/strong><\/span>inclut \u00e9galement des mesures du mode de vie, des mesures cliniques, biologiques et de sant\u00e9 pour une caract\u00e9risation pr\u00e9cise du profil clinique des participants de l\u2019\u00e9tude.<\/p><p>L&rsquo;\u00e9tude CIRCAME inclut \u00e0 pr\u00e9sent deux sous-\u00e9tudes : l&rsquo;une, <span style=\"color: #0646ad;\"><strong>CIRCAME-EYE<\/strong><\/span>, s&rsquo;int\u00e9resse aux\u00a0dysfonctionnements<br \/>microvasculaires au niveau de l\u2019\u0153il ; l&rsquo;autre, <span style=\"color: #0646ad;\"><strong>CIRCAME-EAR<\/strong><\/span>, aux dysfonctionnements auditifs p\u00e9riph\u00e9riques et centraux.<\/p>\t\t\t\t\t\t<\/div>\n\t\t\t\t<\/div>\n\t\t\t\t<\/div>\n\t\t<div class=\"elementor-element elementor-element-764a415 e-flex e-con-boxed e-con e-parent\" data-id=\"764a415\" data-element_type=\"container\" data-settings=\"{&quot;content_width&quot;:&quot;boxed&quot;}\" data-core-v316-plus=\"true\">\n\t\t\t\t\t<div class=\"e-con-inner\">\n\t\t<div class=\"elementor-element elementor-element-8397268 e-flex e-con-boxed e-con e-child\" data-id=\"8397268\" data-element_type=\"container\" data-settings=\"{&quot;content_width&quot;:&quot;boxed&quot;}\">\n\t\t\t\t\t<div class=\"e-con-inner\">\n\t\t\t\t<div class=\"elementor-element elementor-element-7d05f68 elementor-widget elementor-widget-heading\" data-id=\"7d05f68\" data-element_type=\"widget\" data-widget_type=\"heading.default\">\n\t\t\t\t<div class=\"elementor-widget-container\">\n\t\t\t<style>\/*! elementor - v3.18.0 - 08-12-2023 *\/\n.elementor-heading-title{padding:0;margin:0;line-height:1}.elementor-widget-heading .elementor-heading-title[class*=elementor-size-]>a{color:inherit;font-size:inherit;line-height:inherit}.elementor-widget-heading .elementor-heading-title.elementor-size-small{font-size:15px}.elementor-widget-heading .elementor-heading-title.elementor-size-medium{font-size:19px}.elementor-widget-heading .elementor-heading-title.elementor-size-large{font-size:29px}.elementor-widget-heading .elementor-heading-title.elementor-size-xl{font-size:39px}.elementor-widget-heading .elementor-heading-title.elementor-size-xxl{font-size:59px}<\/style><h2 class=\"elementor-heading-title elementor-size-large\">Nos actualit\u00e9s<\/h2>\t\t<\/div>\n\t\t\t\t<\/div>\n\t\t\t\t\t<\/div>\n\t\t\t\t<\/div>\n\t\t\t\t\t<\/div>\n\t\t\t\t<\/div>\n\t\t<div class=\"elementor-element elementor-element-0747fe6 e-flex e-con-boxed e-con e-parent\" data-id=\"0747fe6\" data-element_type=\"container\" data-settings=\"{&quot;content_width&quot;:&quot;boxed&quot;}\" data-core-v316-plus=\"true\">\n\t\t\t\t\t<div class=\"e-con-inner\">\n\t\t\t\t<div class=\"elementor-element elementor-element-0fe9ede elementor-arrows-position-inside elementor-pagination-position-outside elementor-widget elementor-widget-image-carousel\" data-id=\"0fe9ede\" data-element_type=\"widget\" data-settings=\"{&quot;slides_to_show&quot;:&quot;3&quot;,&quot;infinite&quot;:&quot;no&quot;,&quot;navigation&quot;:&quot;both&quot;,&quot;autoplay&quot;:&quot;yes&quot;,&quot;pause_on_hover&quot;:&quot;yes&quot;,&quot;pause_on_interaction&quot;:&quot;yes&quot;,&quot;autoplay_speed&quot;:5000,&quot;speed&quot;:500}\" data-widget_type=\"image-carousel.default\">\n\t\t\t\t<div class=\"elementor-widget-container\">\n\t\t\t<style>\/*! elementor - v3.18.0 - 08-12-2023 *\/\n.elementor-widget-image-carousel .swiper,.elementor-widget-image-carousel .swiper-container{position:static}.elementor-widget-image-carousel .swiper-container .swiper-slide figure,.elementor-widget-image-carousel .swiper .swiper-slide figure{line-height:inherit}.elementor-widget-image-carousel .swiper-slide{text-align:center}.elementor-image-carousel-wrapper:not(.swiper-container-initialized):not(.swiper-initialized) .swiper-slide{max-width:calc(100% \/ var(--e-image-carousel-slides-to-show, 3))}<\/style>\t\t<div class=\"elementor-image-carousel-wrapper swiper\" dir=\"ltr\">\n\t\t\t<div class=\"elementor-image-carousel swiper-wrapper\" aria-live=\"off\">\n\t\t\t\t\t\t\t\t<div class=\"swiper-slide\" role=\"group\" aria-roledescription=\"slide\" aria-label=\"1 sur 3\"><figure class=\"swiper-slide-inner\"><img decoding=\"async\" class=\"swiper-slide-image\" src=\"https:\/\/circame.fr\/wp-content\/uploads\/2026\/02\/News3-1-768x1024.png\" alt=\"News3\" \/><\/figure><\/div><div class=\"swiper-slide\" role=\"group\" aria-roledescription=\"slide\" aria-label=\"2 sur 3\"><figure class=\"swiper-slide-inner\"><img decoding=\"async\" class=\"swiper-slide-image\" src=\"https:\/\/circame.fr\/wp-content\/uploads\/2026\/02\/News2-1-768x1024.png\" alt=\"News2\" \/><\/figure><\/div><div class=\"swiper-slide\" role=\"group\" aria-roledescription=\"slide\" aria-label=\"3 sur 3\"><figure class=\"swiper-slide-inner\"><img decoding=\"async\" class=\"swiper-slide-image\" src=\"https:\/\/circame.fr\/wp-content\/uploads\/2026\/02\/News1-1-775x1024.png\" alt=\"News1\" \/><\/figure><\/div>\t\t\t<\/div>\n\t\t\t\t\t\t\t\t\t\t\t\t<div class=\"elementor-swiper-button elementor-swiper-button-prev\" role=\"button\" tabindex=\"0\">\n\t\t\t\t\t\t<svg aria-hidden=\"true\" class=\"e-font-icon-svg e-eicon-chevron-left\" viewBox=\"0 0 1000 1000\" xmlns=\"http:\/\/www.w3.org\/2000\/svg\"><path d=\"M646 125C629 125 613 133 604 142L308 442C296 454 292 471 292 487 292 504 296 521 308 533L604 854C617 867 629 875 646 875 663 875 679 871 692 858 704 846 713 829 713 812 713 796 708 779 692 767L438 487 692 225C700 217 708 204 708 187 708 171 704 154 692 142 675 129 663 125 646 125Z\"><\/path><\/svg>\t\t\t\t\t<\/div>\n\t\t\t\t\t<div class=\"elementor-swiper-button elementor-swiper-button-next\" role=\"button\" tabindex=\"0\">\n\t\t\t\t\t\t<svg aria-hidden=\"true\" class=\"e-font-icon-svg e-eicon-chevron-right\" viewBox=\"0 0 1000 1000\" xmlns=\"http:\/\/www.w3.org\/2000\/svg\"><path d=\"M696 533C708 521 713 504 713 487 713 471 708 454 696 446L400 146C388 133 375 125 354 125 338 125 325 129 313 142 300 154 292 171 292 187 292 204 296 221 308 233L563 492 304 771C292 783 288 800 288 817 288 833 296 850 308 863 321 871 338 875 354 875 371 875 388 867 400 854L696 533Z\"><\/path><\/svg>\t\t\t\t\t<\/div>\n\t\t\t\t\n\t\t\t\t\t\t\t\t\t<div class=\"swiper-pagination\"><\/div>\n\t\t\t\t\t\t\t\t\t<\/div>\n\t\t\t\t<\/div>\n\t\t\t\t<\/div>\n\t\t\t\t\t<\/div>\n\t\t\t\t<\/div>\n\t\t<div class=\"elementor-element elementor-element-6121a6e e-flex e-con-boxed e-con e-parent\" data-id=\"6121a6e\" data-element_type=\"container\" data-settings=\"{&quot;content_width&quot;:&quot;boxed&quot;}\" data-core-v316-plus=\"true\">\n\t\t\t\t\t<div class=\"e-con-inner\">\n\t\t<div class=\"elementor-element elementor-element-57c66bc e-con-full e-flex e-con e-child\" data-id=\"57c66bc\" data-element_type=\"container\" data-settings=\"{&quot;content_width&quot;:&quot;full&quot;}\">\n\t\t\t\t<div class=\"elementor-element elementor-element-ed8d9d1 elementor-widget elementor-widget-video\" data-id=\"ed8d9d1\" data-element_type=\"widget\" data-settings=\"{&quot;youtube_url&quot;:&quot;https:\\\/\\\/www.youtube.com\\\/watch?v=WaWJw_H4nZQ&quot;,&quot;video_type&quot;:&quot;youtube&quot;,&quot;controls&quot;:&quot;yes&quot;}\" data-widget_type=\"video.default\">\n\t\t\t\t<div class=\"elementor-widget-container\">\n\t\t\t<style>\/*! elementor - v3.18.0 - 08-12-2023 *\/\n.elementor-widget-video .elementor-widget-container{overflow:hidden;transform:translateZ(0)}.elementor-widget-video .elementor-wrapper{aspect-ratio:var(--video-aspect-ratio)}.elementor-widget-video .elementor-wrapper iframe,.elementor-widget-video .elementor-wrapper video{height:100%;width:100%;display:flex;border:none;background-color:#000}@supports not (aspect-ratio:1\/1){.elementor-widget-video .elementor-wrapper{position:relative;overflow:hidden;height:0;padding-bottom:calc(100% \/ var(--video-aspect-ratio))}.elementor-widget-video .elementor-wrapper iframe,.elementor-widget-video .elementor-wrapper video{position:absolute;top:0;right:0;bottom:0;left:0}}.elementor-widget-video .elementor-open-inline .elementor-custom-embed-image-overlay{position:absolute;top:0;right:0;bottom:0;left:0;background-size:cover;background-position:50%}.elementor-widget-video .elementor-custom-embed-image-overlay{cursor:pointer;text-align:center}.elementor-widget-video .elementor-custom-embed-image-overlay:hover .elementor-custom-embed-play i{opacity:1}.elementor-widget-video .elementor-custom-embed-image-overlay img{display:block;width:100%;aspect-ratio:var(--video-aspect-ratio);-o-object-fit:cover;object-fit:cover;-o-object-position:center center;object-position:center center}@supports not (aspect-ratio:1\/1){.elementor-widget-video .elementor-custom-embed-image-overlay{position:relative;overflow:hidden;height:0;padding-bottom:calc(100% \/ var(--video-aspect-ratio))}.elementor-widget-video .elementor-custom-embed-image-overlay img{position:absolute;top:0;right:0;bottom:0;left:0}}.elementor-widget-video .e-hosted-video .elementor-video{-o-object-fit:cover;object-fit:cover}.e-con-inner>.elementor-widget-video,.e-con>.elementor-widget-video{width:var(--container-widget-width);--flex-grow:var(--container-widget-flex-grow)}<\/style>\t\t<div class=\"elementor-wrapper elementor-open-inline\">\n\t\t\t<div class=\"elementor-video\"><\/div>\t\t<\/div>\n\t\t\t\t<\/div>\n\t\t\t\t<\/div>\n\t\t\t\t<\/div>\n\t\t<div class=\"elementor-element elementor-element-07b34d5 e-con-full e-flex e-con e-child\" data-id=\"07b34d5\" data-element_type=\"container\" data-settings=\"{&quot;content_width&quot;:&quot;full&quot;}\">\n\t\t\t\t<div class=\"elementor-element elementor-element-627bf45 elementor-widget elementor-widget-video\" data-id=\"627bf45\" data-element_type=\"widget\" data-settings=\"{&quot;youtube_url&quot;:&quot;https:\\\/\\\/www.youtube.com\\\/watch?v=4fUcW0oHQRs&amp;t=64s &quot;,&quot;video_type&quot;:&quot;youtube&quot;,&quot;controls&quot;:&quot;yes&quot;}\" data-widget_type=\"video.default\">\n\t\t\t\t<div class=\"elementor-widget-container\">\n\t\t\t\t\t<div class=\"elementor-wrapper elementor-open-inline\">\n\t\t\t<div class=\"elementor-video\"><\/div>\t\t<\/div>\n\t\t\t\t<\/div>\n\t\t\t\t<\/div>\n\t\t\t\t<\/div>\n\t\t\t\t\t<\/div>\n\t\t\t\t<\/div>\n\t\t\t\t\t\t\t<\/div>\n\t\t","protected":false},"excerpt":{"rendered":"<p>L\u2019\u00e9tude CIRCAME s\u2019int\u00e9resse aux perturbations du cycle veille\/sommeil, marqueur du rythme circadien, chez les patients vus dans deux \u00e9tablissements des h\u00f4pitaux de Paris (APHP), le Centre de Neurologie Cognitive de l\u2019h\u00f4pital Lariboisi\u00e8re \u2013 Fernand Widal, et l\u2019H\u00f4pital de Jour G\u00e9riatrique de l\u2019h\u00f4pital Bretonneau. CIRCAME est financ\u00e9e par l\u2019Union Europ\u00e9enne et son principal objectif est d\u2019\u00e9valuer [&hellip;]<\/p>\n","protected":false},"author":1,"featured_media":0,"parent":0,"menu_order":0,"comment_status":"closed","ping_status":"closed","template":"","meta":{"footnotes":""},"class_list":["post-8","page","type-page","status-publish","hentry","entry"],"yoast_head":"<!-- This site is optimized with the Yoast SEO plugin v21.7 - https:\/\/yoast.com\/wordpress\/plugins\/seo\/ -->\n<title>Accueil - WordPress<\/title>\n<meta name=\"description\" content=\"Pr\u00e9sentation de la cohorte CIRCAME\" \/>\n<meta name=\"robots\" content=\"index, follow, max-snippet:-1, max-image-preview:large, max-video-preview:-1\" \/>\n<link rel=\"canonical\" href=\"https:\/\/circame.fr\/\" \/>\n<meta property=\"og:locale\" content=\"fr_FR\" \/>\n<meta property=\"og:type\" content=\"article\" \/>\n<meta property=\"og:title\" content=\"Accueil - WordPress\" \/>\n<meta property=\"og:description\" content=\"Pr\u00e9sentation de la cohorte CIRCAME\" \/>\n<meta property=\"og:url\" content=\"https:\/\/circame.fr\/\" \/>\n<meta property=\"og:site_name\" content=\"WordPress\" \/>\n<meta property=\"article:modified_time\" content=\"2026-02-18T11:42:04+00:00\" \/>\n<meta property=\"og:image\" content=\"http:\/\/circame.fr\/wp-content\/uploads\/2023\/12\/baniere-768x452.png\" \/>\n<meta name=\"twitter:card\" content=\"summary_large_image\" \/>\n<meta name=\"twitter:label1\" content=\"Dur\u00e9e de lecture estim\u00e9e\" \/>\n\t<meta name=\"twitter:data1\" content=\"2 minutes\" \/>\n<script type=\"application\/ld+json\" class=\"yoast-schema-graph\">{\"@context\":\"https:\/\/schema.org\",\"@graph\":[{\"@type\":\"WebPage\",\"@id\":\"https:\/\/circame.fr\/\",\"url\":\"https:\/\/circame.fr\/\",\"name\":\"Accueil - WordPress\",\"isPartOf\":{\"@id\":\"https:\/\/circame.fr\/#website\"},\"datePublished\":\"2023-12-13T14:07:58+00:00\",\"dateModified\":\"2026-02-18T11:42:04+00:00\",\"description\":\"Pr\u00e9sentation de la cohorte CIRCAME\",\"breadcrumb\":{\"@id\":\"https:\/\/circame.fr\/#breadcrumb\"},\"inLanguage\":\"fr-FR\",\"potentialAction\":[{\"@type\":\"ReadAction\",\"target\":[\"https:\/\/circame.fr\/\"]}]},{\"@type\":\"BreadcrumbList\",\"@id\":\"https:\/\/circame.fr\/#breadcrumb\",\"itemListElement\":[{\"@type\":\"ListItem\",\"position\":1,\"name\":\"Accueil\",\"item\":\"https:\/\/circame.fr\/\"},{\"@type\":\"ListItem\",\"position\":2,\"name\":\"Accueil\"}]},{\"@type\":\"WebSite\",\"@id\":\"https:\/\/circame.fr\/#website\",\"url\":\"https:\/\/circame.fr\/\",\"name\":\"Circame\",\"description\":\"Un site utilisant WordPress\",\"publisher\":{\"@id\":\"https:\/\/circame.fr\/#organization\"},\"potentialAction\":[{\"@type\":\"SearchAction\",\"target\":{\"@type\":\"EntryPoint\",\"urlTemplate\":\"https:\/\/circame.fr\/?s={search_term_string}\"},\"query-input\":\"required name=search_term_string\"}],\"inLanguage\":\"fr-FR\"},{\"@type\":\"Organization\",\"@id\":\"https:\/\/circame.fr\/#organization\",\"name\":\"Circame\",\"url\":\"https:\/\/circame.fr\/\",\"logo\":{\"@type\":\"ImageObject\",\"inLanguage\":\"fr-FR\",\"@id\":\"https:\/\/circame.fr\/#\/schema\/logo\/image\/\",\"url\":\"https:\/\/circame.fr\/wp-content\/uploads\/2023\/12\/logo.png\",\"contentUrl\":\"https:\/\/circame.fr\/wp-content\/uploads\/2023\/12\/logo.png\",\"width\":1097,\"height\":310,\"caption\":\"Circame\"},\"image\":{\"@id\":\"https:\/\/circame.fr\/#\/schema\/logo\/image\/\"}}]}<\/script>\n<!-- \/ Yoast SEO plugin. -->","yoast_head_json":{"title":"Accueil - WordPress","description":"Pr\u00e9sentation de la cohorte CIRCAME","robots":{"index":"index","follow":"follow","max-snippet":"max-snippet:-1","max-image-preview":"max-image-preview:large","max-video-preview":"max-video-preview:-1"},"canonical":"https:\/\/circame.fr\/","og_locale":"fr_FR","og_type":"article","og_title":"Accueil - WordPress","og_description":"Pr\u00e9sentation de la cohorte CIRCAME","og_url":"https:\/\/circame.fr\/","og_site_name":"WordPress","article_modified_time":"2026-02-18T11:42:04+00:00","og_image":[{"url":"http:\/\/circame.fr\/wp-content\/uploads\/2023\/12\/baniere-768x452.png"}],"twitter_card":"summary_large_image","twitter_misc":{"Dur\u00e9e de lecture estim\u00e9e":"2 minutes"},"schema":{"@context":"https:\/\/schema.org","@graph":[{"@type":"WebPage","@id":"https:\/\/circame.fr\/","url":"https:\/\/circame.fr\/","name":"Accueil - WordPress","isPartOf":{"@id":"https:\/\/circame.fr\/#website"},"datePublished":"2023-12-13T14:07:58+00:00","dateModified":"2026-02-18T11:42:04+00:00","description":"Pr\u00e9sentation de la cohorte CIRCAME","breadcrumb":{"@id":"https:\/\/circame.fr\/#breadcrumb"},"inLanguage":"fr-FR","potentialAction":[{"@type":"ReadAction","target":["https:\/\/circame.fr\/"]}]},{"@type":"BreadcrumbList","@id":"https:\/\/circame.fr\/#breadcrumb","itemListElement":[{"@type":"ListItem","position":1,"name":"Accueil","item":"https:\/\/circame.fr\/"},{"@type":"ListItem","position":2,"name":"Accueil"}]},{"@type":"WebSite","@id":"https:\/\/circame.fr\/#website","url":"https:\/\/circame.fr\/","name":"Circame","description":"Un site utilisant WordPress","publisher":{"@id":"https:\/\/circame.fr\/#organization"},"potentialAction":[{"@type":"SearchAction","target":{"@type":"EntryPoint","urlTemplate":"https:\/\/circame.fr\/?s={search_term_string}"},"query-input":"required name=search_term_string"}],"inLanguage":"fr-FR"},{"@type":"Organization","@id":"https:\/\/circame.fr\/#organization","name":"Circame","url":"https:\/\/circame.fr\/","logo":{"@type":"ImageObject","inLanguage":"fr-FR","@id":"https:\/\/circame.fr\/#\/schema\/logo\/image\/","url":"https:\/\/circame.fr\/wp-content\/uploads\/2023\/12\/logo.png","contentUrl":"https:\/\/circame.fr\/wp-content\/uploads\/2023\/12\/logo.png","width":1097,"height":310,"caption":"Circame"},"image":{"@id":"https:\/\/circame.fr\/#\/schema\/logo\/image\/"}}]}},"_links":{"self":[{"href":"https:\/\/circame.fr\/index.php\/wp-json\/wp\/v2\/pages\/8","targetHints":{"allow":["GET"]}}],"collection":[{"href":"https:\/\/circame.fr\/index.php\/wp-json\/wp\/v2\/pages"}],"about":[{"href":"https:\/\/circame.fr\/index.php\/wp-json\/wp\/v2\/types\/page"}],"author":[{"embeddable":true,"href":"https:\/\/circame.fr\/index.php\/wp-json\/wp\/v2\/users\/1"}],"replies":[{"embeddable":true,"href":"https:\/\/circame.fr\/index.php\/wp-json\/wp\/v2\/comments?post=8"}],"version-history":[{"count":22,"href":"https:\/\/circame.fr\/index.php\/wp-json\/wp\/v2\/pages\/8\/revisions"}],"predecessor-version":[{"id":509,"href":"https:\/\/circame.fr\/index.php\/wp-json\/wp\/v2\/pages\/8\/revisions\/509"}],"wp:attachment":[{"href":"https:\/\/circame.fr\/index.php\/wp-json\/wp\/v2\/media?parent=8"}],"curies":[{"name":"wp","href":"https:\/\/api.w.org\/{rel}","templated":true}]}}