{"id":46,"date":"2023-12-13T15:10:58","date_gmt":"2023-12-13T14:10:58","guid":{"rendered":"https:\/\/circame.fr\/?page_id=46"},"modified":"2026-02-09T18:35:32","modified_gmt":"2026-02-09T17:35:32","slug":"cohorte-circame-11","status":"publish","type":"page","link":"https:\/\/circame.fr\/index.php\/cohorte-circame-11\/","title":{"rendered":"Mentions l\u00e9gales"},"content":{"rendered":"\t\t<div data-elementor-type=\"wp-page\" data-elementor-id=\"46\" class=\"elementor elementor-46\">\n\t\t\t\t\t\t\t<div class=\"elementor-element elementor-element-db0be1c e-flex e-con-boxed e-con e-parent\" data-id=\"db0be1c\" data-element_type=\"container\" data-settings=\"{&quot;content_width&quot;:&quot;boxed&quot;}\" data-core-v316-plus=\"true\">\n\t\t\t\t\t<div class=\"e-con-inner\">\n\t\t\t\t<div class=\"elementor-element elementor-element-e14b15a elementor-widget elementor-widget-text-editor\" data-id=\"e14b15a\" data-element_type=\"widget\" data-widget_type=\"text-editor.default\">\n\t\t\t\t<div class=\"elementor-widget-container\">\n\t\t\t<style>\/*! elementor - v3.18.0 - 08-12-2023 *\/\n.elementor-widget-text-editor.elementor-drop-cap-view-stacked .elementor-drop-cap{background-color:#69727d;color:#fff}.elementor-widget-text-editor.elementor-drop-cap-view-framed .elementor-drop-cap{color:#69727d;border:3px solid;background-color:transparent}.elementor-widget-text-editor:not(.elementor-drop-cap-view-default) .elementor-drop-cap{margin-top:8px}.elementor-widget-text-editor:not(.elementor-drop-cap-view-default) .elementor-drop-cap-letter{width:1em;height:1em}.elementor-widget-text-editor .elementor-drop-cap{float:left;text-align:center;line-height:1;font-size:50px}.elementor-widget-text-editor .elementor-drop-cap-letter{display:inline-block}<\/style>\t\t\t\t<p><span data-contrast=\"auto\">Conform\u00e9ment aux dispositions des articles 6-III et 19 de la Loi n\u00b0 2004-575 du 21 juin 2004 pour la Confiance dans l&rsquo;\u00e9conomie num\u00e9rique, dite L.C.E.N., nous portons \u00e0 la connaissance des utilisateurs et visiteurs du site : www.circame.fr les informations suivantes :<\/span><\/p>\n<p><span style=\"color: #333300;\"><b><i>1. Informations l\u00e9gales :<\/i><\/b><\/span><\/p>\n<p><b><span data-contrast=\"auto\">Propri\u00e9taire du site<\/span><\/b><span data-ccp-props=\"{&quot;201341983&quot;:0,&quot;335559739&quot;:0,&quot;335559740&quot;:240}\">&nbsp;<br><\/span><span data-contrast=\"auto\">EpiAgeing<\/span><span data-ccp-props=\"{&quot;201341983&quot;:0,&quot;335559739&quot;:0,&quot;335559740&quot;:240}\">&nbsp;<br><\/span><span data-contrast=\"auto\">Universit\u00e9 Paris Cit\u00e9 <\/span>&nbsp;<br><span data-contrast=\"auto\">10 avenue de Verdun <\/span>&nbsp;<br><span data-contrast=\"auto\">75010, Paris<\/span><span data-ccp-props=\"{&quot;201341983&quot;:0,&quot;335559739&quot;:0,&quot;335559740&quot;:240}\">&nbsp;<\/span><\/p>\n<p><b><span data-contrast=\"auto\">Responsable de la publication\u202f<\/span><\/b><span data-ccp-props=\"{&quot;201341983&quot;:0,&quot;335559739&quot;:0,&quot;335559740&quot;:240}\">&nbsp;<br><\/span><span data-contrast=\"auto\">S\u00e9verine Sabia, Directeur de recherche<\/span><\/p>\n<p><b><span data-contrast=\"auto\">Cr\u00e9ateur du site \/ webdesign<\/span><\/b><span data-ccp-props=\"{&quot;201341983&quot;:0,&quot;335559739&quot;:0,&quot;335559740&quot;:240}\">&nbsp;<br><\/span><span data-contrast=\"auto\">Benjamin Landre<\/span><\/p>\n<p><b><span data-contrast=\"auto\">Webmaster<\/span><\/b><span data-ccp-props=\"{&quot;201341983&quot;:0,&quot;335559739&quot;:0,&quot;335559740&quot;:240}\">&nbsp;<br><\/span><span data-contrast=\"auto\">Aline Dugravot<\/span><span data-ccp-props=\"{&quot;201341983&quot;:0,&quot;335559739&quot;:0,&quot;335559740&quot;:240}\">&nbsp;<\/span><\/p>\n<p><b><span data-contrast=\"auto\">H\u00e9bergeur du site<\/span><\/b><span data-ccp-props=\"{&quot;201341983&quot;:0,&quot;335559739&quot;:0,&quot;335559740&quot;:240}\">&nbsp;<br><\/span><span data-contrast=\"auto\">OVH &#8211; 2 rue kellermann BP 80157 59053 ROUBAIX CEDEX 1 &#8211; France<\/span><span data-ccp-props=\"{&quot;201341983&quot;:0,&quot;335559739&quot;:0,&quot;335559740&quot;:240}\">&nbsp;<\/span><\/p>\n<p><strong>Adresse de contact<\/strong>&nbsp;<br>circame@inserm.fr<\/p>\n<p><span style=\"color: #333300;\"><b><i>2. Contenu du site<\/i><\/b><\/span><\/p>\n<p><span data-contrast=\"auto\">Est d\u00e9sign\u00e9 ci-apr\u00e8s : Utilisateur, tout internaute se connectant et utilisant le site susnomm\u00e9 : www.circame.fr&nbsp;<\/span><span data-ccp-props=\"{&quot;201341983&quot;:0,&quot;335559739&quot;:0,&quot;335559740&quot;:240}\">&nbsp;<br><\/span><span data-contrast=\"auto\">Le site www.circame.fr est mis \u00e0 jour r\u00e9guli\u00e8rement.<\/span><span data-ccp-props=\"{&quot;201341983&quot;:0,&quot;335559739&quot;:0,&quot;335559740&quot;:240}\">&nbsp;<br><\/span><span data-contrast=\"auto\">Le webmaster s&rsquo;efforce de fournir sur le site www.circame.fr des informations les plus pr\u00e9cises possible (sous r\u00e9serve de modifications apport\u00e9es depuis leur mise en ligne), mais ne saurait garantir l&rsquo;exactitude, la compl\u00e9tude, la pr\u00e9cision, l&rsquo;exhaustivit\u00e9 et l&rsquo;actualit\u00e9 des informations diffus\u00e9es sur ce site, qu\u2019elles soient de son fait ou du fait des tiers partenaires qui lui fournissent ces informations. En cons\u00e9quence, l&rsquo;utilisateur reconna\u00eet utiliser ces informations donn\u00e9es (\u00e0 titre indicatif, non exhaustives et susceptibles d&rsquo;\u00e9voluer) sous sa responsabilit\u00e9 exclusive. Les informations pr\u00e9sentes sur le site sont non-contractuelles et peuvent \u00eatre modifi\u00e9es \u00e0 tout moment. Le site est r\u00e9gi par la loi fran\u00e7aise. Les utilisateurs \u00e9trangers acceptent formellement l&rsquo;application de la loi fran\u00e7aise en visitant ce site et en utilisant tout ou partie des fonctionnalit\u00e9s du site.<\/span><\/p>\n<p><span style=\"color: #333300;\"><b><i>3. Accessibilit\u00e9<\/i><\/b><\/span><\/p>\n<p><span data-contrast=\"auto\">Le site www.circame.fr est par principe accessible aux utilisateurs 24\/24h, 7\/7j, sauf interruption, programm\u00e9e ou non, pour les besoins de sa maintenance ou en cas de force majeure. En cas d\u2019impossibilit\u00e9 d\u2019acc\u00e8s au service, www.circame.fr s\u2019engage \u00e0 faire son maximum afin de r\u00e9tablir l\u2019acc\u00e8s au service et s\u2019efforcera alors de communiquer pr\u00e9alablement aux utilisateurs les dates et heures de l\u2019intervention. N\u2019\u00e9tant soumis qu\u2019\u00e0 une obligation de moyen, www.circame.fr ne saurait \u00eatre tenu pour responsable de tout dommage, quelle qu\u2019en soit la nature, r\u00e9sultant d\u2019une indisponibilit\u00e9 du service.<\/span><span data-ccp-props=\"{&quot;201341983&quot;:0,&quot;335559739&quot;:0,&quot;335559740&quot;:240}\">&nbsp;<\/span><\/p>\n<p><span style=\"color: #333300;\"><b><i>4. Propri\u00e9t\u00e9 intellectuelle<\/i><\/b><\/span><\/p>\n<p><span data-contrast=\"auto\">Les contenus, les textes, les vid\u00e9os, les images, les graphismes, les animations, logo, ic\u00f4nes, sons\u2026 du site sont mis \u00e0 disposition du public par l\u2019\u00e9quipe EpiAgeing. Ils sont prot\u00e9g\u00e9s par le droit de la propri\u00e9t\u00e9 intellectuelle et sont la propri\u00e9t\u00e9 exclusive de l\u2019\u00e9quipe EpiAgeing. A ce titre, toute reproduction totale ou partielle, traduction ou toute autre utilisation de donn\u00e9es ou d\u2019informations provenant du site www.circame.fr \u00e0 des fins autres que de recherches, \u00e9tudes personnelles, \u00e9ducatives et non commerciales, sont subordonn\u00e9es \u00e0 l\u2019obtention pr\u00e9alable d\u2019une autorisation \u00e9crite de l\u2019\u00e9quipe EpiAgeing.<\/span><\/p>\n<p><span style=\"color: #333300;\"><b><i>5. Liens hypertextes et cookies<\/i><\/b><\/span><\/p>\n<p><span data-contrast=\"auto\">Le site www.circame.fr contient un certain nombre de liens hypertextes vers d\u2019autres sites (partenaires, informations, tiers \u2026) mis en place avec l\u2019autorisation de l\u2019\u00e9quipe EpiAgeing. Cependant, il n\u2019a pas la possibilit\u00e9 de v\u00e9rifier l&rsquo;ensemble du contenu des sites ainsi visit\u00e9s et d\u00e9cline donc toute responsabilit\u00e9 quant aux risques \u00e9ventuels de contenus illicites. L\u2019\u00e9quipe EpiAgeing n&rsquo;offre aucune garantie quant au respect par ces sites des lois et r\u00e8glements en vigueur.<\/span><\/p>\n<p><span data-contrast=\"auto\">L\u2019utilisateur est inform\u00e9 que lors de ses visites sur le site <\/span><a href=\"http:\/\/www.circame.fr\/\"><span data-contrast=\"none\">www.circame.fr<\/span><\/a><span data-contrast=\"auto\">, le bandeau cookies ne s\u2019affiche pas sur la page d\u2019accueil lors de sa navigation car seuls des cookies n\u00e9cessaires au fonctionnement du site sont d\u00e9pos\u00e9s.<\/span><span data-ccp-props=\"{&quot;134233117&quot;:true,&quot;134233118&quot;:true,&quot;201341983&quot;:0,&quot;335559739&quot;:160,&quot;335559740&quot;:240}\">&nbsp;<\/span><\/p>\n<p><span style=\"color: #333300;\"><b><i>6. Protection des biens et des personnes &#8211; gestion des donn\u00e9es personnelles :&nbsp;<\/i><\/b><\/span><\/p>\n<p><span data-contrast=\"auto\">En France, les donn\u00e9es personnelles sont notamment prot\u00e9g\u00e9es par la loi n\u00b0 78-87 du 6 janvier 1978, la loi n\u00b0 2004-801 du 6 ao\u00fbt 2004, l&rsquo;article L. 226-13 du Code p\u00e9nal et la Directive Europ\u00e9enne du 24 octobre 1995.<\/span><span data-ccp-props=\"{&quot;201341983&quot;:0,&quot;335559739&quot;:0,&quot;335559740&quot;:240}\">&nbsp;<\/span><\/p>\n<p><span data-contrast=\"auto\">Le site ne recueille pas d\u2019informations personnelles, et n\u2019est pas assujetti \u00e0 d\u00e9claration \u00e0 la CNIL&nbsp;<\/span><span data-ccp-props=\"{&quot;134233117&quot;:true,&quot;134233118&quot;:true,&quot;201341983&quot;:0,&quot;335559739&quot;:160,&quot;335559740&quot;:240}\">&nbsp;<\/span><\/p>\t\t\t\t\t\t<\/div>\n\t\t\t\t<\/div>\n\t\t\t\t\t<\/div>\n\t\t\t\t<\/div>\n\t\t\t\t\t\t\t<\/div>\n\t\t","protected":false},"excerpt":{"rendered":"<p>Conform\u00e9ment aux dispositions des articles 6-III et 19 de la Loi n\u00b0 2004-575 du 21 juin 2004 pour la Confiance dans l&rsquo;\u00e9conomie num\u00e9rique, dite L.C.E.N., nous portons \u00e0 la connaissance des utilisateurs et visiteurs du site : www.circame.fr les informations suivantes : 1. Informations l\u00e9gales : Propri\u00e9taire du site&nbsp;EpiAgeing&nbsp;Universit\u00e9 Paris Cit\u00e9 &nbsp;10 avenue de Verdun [&hellip;]<\/p>\n","protected":false},"author":1,"featured_media":0,"parent":0,"menu_order":0,"comment_status":"closed","ping_status":"closed","template":"","meta":{"footnotes":""},"class_list":["post-46","page","type-page","status-publish","hentry","entry"],"yoast_head":"<!-- This site is optimized with the Yoast SEO plugin v21.7 - https:\/\/yoast.com\/wordpress\/plugins\/seo\/ -->\n<title>Mentions l\u00e9gales - WordPress<\/title>\n<meta name=\"description\" content=\"Cette page indique les mentions l\u00e9gales li\u00e9es \u00e0 l&#039;utilisation de ce site internet.\" \/>\n<meta name=\"robots\" content=\"index, follow, max-snippet:-1, max-image-preview:large, max-video-preview:-1\" \/>\n<link rel=\"canonical\" href=\"https:\/\/circame.fr\/index.php\/cohorte-circame-11\/\" \/>\n<meta property=\"og:locale\" content=\"fr_FR\" \/>\n<meta property=\"og:type\" content=\"article\" \/>\n<meta property=\"og:title\" content=\"Mentions l\u00e9gales - WordPress\" \/>\n<meta property=\"og:description\" content=\"Cette page indique les mentions l\u00e9gales li\u00e9es \u00e0 l&#039;utilisation de ce site internet.\" \/>\n<meta property=\"og:url\" content=\"https:\/\/circame.fr\/index.php\/cohorte-circame-11\/\" \/>\n<meta property=\"og:site_name\" content=\"WordPress\" \/>\n<meta property=\"article:modified_time\" content=\"2026-02-09T17:35:32+00:00\" \/>\n<meta name=\"twitter:card\" content=\"summary_large_image\" \/>\n<meta name=\"twitter:label1\" content=\"Dur\u00e9e de lecture estim\u00e9e\" \/>\n\t<meta name=\"twitter:data1\" content=\"4 minutes\" \/>\n<script type=\"application\/ld+json\" class=\"yoast-schema-graph\">{\"@context\":\"https:\/\/schema.org\",\"@graph\":[{\"@type\":\"WebPage\",\"@id\":\"https:\/\/circame.fr\/index.php\/cohorte-circame-11\/\",\"url\":\"https:\/\/circame.fr\/index.php\/cohorte-circame-11\/\",\"name\":\"Mentions l\u00e9gales - WordPress\",\"isPartOf\":{\"@id\":\"https:\/\/circame.fr\/#website\"},\"datePublished\":\"2023-12-13T14:10:58+00:00\",\"dateModified\":\"2026-02-09T17:35:32+00:00\",\"description\":\"Cette page indique les mentions l\u00e9gales li\u00e9es \u00e0 l'utilisation de ce site internet.\",\"breadcrumb\":{\"@id\":\"https:\/\/circame.fr\/index.php\/cohorte-circame-11\/#breadcrumb\"},\"inLanguage\":\"fr-FR\",\"potentialAction\":[{\"@type\":\"ReadAction\",\"target\":[\"https:\/\/circame.fr\/index.php\/cohorte-circame-11\/\"]}]},{\"@type\":\"BreadcrumbList\",\"@id\":\"https:\/\/circame.fr\/index.php\/cohorte-circame-11\/#breadcrumb\",\"itemListElement\":[{\"@type\":\"ListItem\",\"position\":1,\"name\":\"Accueil\",\"item\":\"https:\/\/circame.fr\/\"},{\"@type\":\"ListItem\",\"position\":2,\"name\":\"Mentions l\u00e9gales\"}]},{\"@type\":\"WebSite\",\"@id\":\"https:\/\/circame.fr\/#website\",\"url\":\"https:\/\/circame.fr\/\",\"name\":\"Circame\",\"description\":\"Un site utilisant WordPress\",\"publisher\":{\"@id\":\"https:\/\/circame.fr\/#organization\"},\"potentialAction\":[{\"@type\":\"SearchAction\",\"target\":{\"@type\":\"EntryPoint\",\"urlTemplate\":\"https:\/\/circame.fr\/?s={search_term_string}\"},\"query-input\":\"required name=search_term_string\"}],\"inLanguage\":\"fr-FR\"},{\"@type\":\"Organization\",\"@id\":\"https:\/\/circame.fr\/#organization\",\"name\":\"Circame\",\"url\":\"https:\/\/circame.fr\/\",\"logo\":{\"@type\":\"ImageObject\",\"inLanguage\":\"fr-FR\",\"@id\":\"https:\/\/circame.fr\/#\/schema\/logo\/image\/\",\"url\":\"https:\/\/circame.fr\/wp-content\/uploads\/2023\/12\/logo.png\",\"contentUrl\":\"https:\/\/circame.fr\/wp-content\/uploads\/2023\/12\/logo.png\",\"width\":1097,\"height\":310,\"caption\":\"Circame\"},\"image\":{\"@id\":\"https:\/\/circame.fr\/#\/schema\/logo\/image\/\"}}]}<\/script>\n<!-- \/ Yoast SEO plugin. -->","yoast_head_json":{"title":"Mentions l\u00e9gales - WordPress","description":"Cette page indique les mentions l\u00e9gales li\u00e9es \u00e0 l'utilisation de ce site internet.","robots":{"index":"index","follow":"follow","max-snippet":"max-snippet:-1","max-image-preview":"max-image-preview:large","max-video-preview":"max-video-preview:-1"},"canonical":"https:\/\/circame.fr\/index.php\/cohorte-circame-11\/","og_locale":"fr_FR","og_type":"article","og_title":"Mentions l\u00e9gales - WordPress","og_description":"Cette page indique les mentions l\u00e9gales li\u00e9es \u00e0 l'utilisation de ce site internet.","og_url":"https:\/\/circame.fr\/index.php\/cohorte-circame-11\/","og_site_name":"WordPress","article_modified_time":"2026-02-09T17:35:32+00:00","twitter_card":"summary_large_image","twitter_misc":{"Dur\u00e9e de lecture estim\u00e9e":"4 minutes"},"schema":{"@context":"https:\/\/schema.org","@graph":[{"@type":"WebPage","@id":"https:\/\/circame.fr\/index.php\/cohorte-circame-11\/","url":"https:\/\/circame.fr\/index.php\/cohorte-circame-11\/","name":"Mentions l\u00e9gales - WordPress","isPartOf":{"@id":"https:\/\/circame.fr\/#website"},"datePublished":"2023-12-13T14:10:58+00:00","dateModified":"2026-02-09T17:35:32+00:00","description":"Cette page indique les mentions l\u00e9gales li\u00e9es \u00e0 l'utilisation de ce site internet.","breadcrumb":{"@id":"https:\/\/circame.fr\/index.php\/cohorte-circame-11\/#breadcrumb"},"inLanguage":"fr-FR","potentialAction":[{"@type":"ReadAction","target":["https:\/\/circame.fr\/index.php\/cohorte-circame-11\/"]}]},{"@type":"BreadcrumbList","@id":"https:\/\/circame.fr\/index.php\/cohorte-circame-11\/#breadcrumb","itemListElement":[{"@type":"ListItem","position":1,"name":"Accueil","item":"https:\/\/circame.fr\/"},{"@type":"ListItem","position":2,"name":"Mentions l\u00e9gales"}]},{"@type":"WebSite","@id":"https:\/\/circame.fr\/#website","url":"https:\/\/circame.fr\/","name":"Circame","description":"Un site utilisant WordPress","publisher":{"@id":"https:\/\/circame.fr\/#organization"},"potentialAction":[{"@type":"SearchAction","target":{"@type":"EntryPoint","urlTemplate":"https:\/\/circame.fr\/?s={search_term_string}"},"query-input":"required name=search_term_string"}],"inLanguage":"fr-FR"},{"@type":"Organization","@id":"https:\/\/circame.fr\/#organization","name":"Circame","url":"https:\/\/circame.fr\/","logo":{"@type":"ImageObject","inLanguage":"fr-FR","@id":"https:\/\/circame.fr\/#\/schema\/logo\/image\/","url":"https:\/\/circame.fr\/wp-content\/uploads\/2023\/12\/logo.png","contentUrl":"https:\/\/circame.fr\/wp-content\/uploads\/2023\/12\/logo.png","width":1097,"height":310,"caption":"Circame"},"image":{"@id":"https:\/\/circame.fr\/#\/schema\/logo\/image\/"}}]}},"_links":{"self":[{"href":"https:\/\/circame.fr\/index.php\/wp-json\/wp\/v2\/pages\/46","targetHints":{"allow":["GET"]}}],"collection":[{"href":"https:\/\/circame.fr\/index.php\/wp-json\/wp\/v2\/pages"}],"about":[{"href":"https:\/\/circame.fr\/index.php\/wp-json\/wp\/v2\/types\/page"}],"author":[{"embeddable":true,"href":"https:\/\/circame.fr\/index.php\/wp-json\/wp\/v2\/users\/1"}],"replies":[{"embeddable":true,"href":"https:\/\/circame.fr\/index.php\/wp-json\/wp\/v2\/comments?post=46"}],"version-history":[{"count":14,"href":"https:\/\/circame.fr\/index.php\/wp-json\/wp\/v2\/pages\/46\/revisions"}],"predecessor-version":[{"id":423,"href":"https:\/\/circame.fr\/index.php\/wp-json\/wp\/v2\/pages\/46\/revisions\/423"}],"wp:attachment":[{"href":"https:\/\/circame.fr\/index.php\/wp-json\/wp\/v2\/media?parent=46"}],"curies":[{"name":"wp","href":"https:\/\/api.w.org\/{rel}","templated":true}]}}